{"id":31,"date":"2024-03-20T10:12:05","date_gmt":"2024-03-20T10:12:05","guid":{"rendered":"http:\/\/epesses-calamin.local\/?page_id=31"},"modified":"2026-02-04T10:41:51","modified_gmt":"2026-02-04T10:41:51","slug":"page-daccueil","status":"publish","type":"page","link":"https:\/\/epesses-calamin.ch\/en\/","title":{"rendered":"Page d&rsquo;accueil"},"content":{"rendered":"","protected":false},"excerpt":{"rendered":"","protected":false},"author":1,"featured_media":0,"parent":0,"menu_order":4,"comment_status":"closed","ping_status":"closed","template":"","meta":{"_acf_changed":false,"footnotes":""},"class_list":["post-31","page","type-page","status-publish","hentry"],"acf":[],"yoast_head":"<!-- This site is optimized with the Yoast SEO plugin v27.3 - https:\/\/yoast.com\/product\/yoast-seo-wordpress\/ -->\n<title>Page d&#039;accueil - Les vignobles Epesses et Calamin \u2013 Lavaux<\/title>\n<meta name=\"description\" content=\"Les vignobles Epesses et Calamin \u00e0 Lavaux vous proposent diff\u00e9rents \u00e9v\u00e9nements durant l&#039;ann\u00e9e pour d\u00e9guster les meilleurs Crus de la r\u00e9gion.\" \/>\n<meta name=\"robots\" content=\"index, follow, max-snippet:-1, max-image-preview:large, max-video-preview:-1\" \/>\n<link rel=\"canonical\" href=\"https:\/\/epesses-calamin.ch\/en\/\" \/>\n<meta property=\"og:locale\" content=\"en_GB\" \/>\n<meta property=\"og:type\" content=\"article\" \/>\n<meta property=\"og:title\" content=\"Page d&#039;accueil - Les vignobles Epesses et Calamin \u2013 Lavaux\" \/>\n<meta property=\"og:description\" content=\"Les vignobles Epesses et Calamin \u00e0 Lavaux vous proposent diff\u00e9rents \u00e9v\u00e9nements durant l&#039;ann\u00e9e pour d\u00e9guster les meilleurs Crus de la r\u00e9gion.\" \/>\n<meta property=\"og:url\" content=\"https:\/\/epesses-calamin.ch\/en\/\" \/>\n<meta property=\"og:site_name\" content=\"Les vignobles Epesses et Calamin \u2013 Lavaux\" \/>\n<meta property=\"article:modified_time\" content=\"2026-02-04T10:41:51+00:00\" \/>\n<meta name=\"twitter:card\" content=\"summary_large_image\" \/>\n<script type=\"application\/ld+json\" class=\"yoast-schema-graph\">{\"@context\":\"https:\\\/\\\/schema.org\",\"@graph\":[{\"@type\":\"WebPage\",\"@id\":\"https:\\\/\\\/epesses-calamin.ch\\\/\",\"url\":\"https:\\\/\\\/epesses-calamin.ch\\\/\",\"name\":\"Page d'accueil - Les vignobles Epesses et Calamin \u2013 Lavaux\",\"isPartOf\":{\"@id\":\"https:\\\/\\\/epesses-calamin.ch\\\/fr\\\/#website\"},\"datePublished\":\"2024-03-20T10:12:05+00:00\",\"dateModified\":\"2026-02-04T10:41:51+00:00\",\"description\":\"Les vignobles Epesses et Calamin \u00e0 Lavaux vous proposent diff\u00e9rents \u00e9v\u00e9nements durant l'ann\u00e9e pour d\u00e9guster les meilleurs Crus de la r\u00e9gion.\",\"breadcrumb\":{\"@id\":\"https:\\\/\\\/epesses-calamin.ch\\\/#breadcrumb\"},\"inLanguage\":\"en-GB\",\"potentialAction\":[{\"@type\":\"ReadAction\",\"target\":[\"https:\\\/\\\/epesses-calamin.ch\\\/\"]}]},{\"@type\":\"BreadcrumbList\",\"@id\":\"https:\\\/\\\/epesses-calamin.ch\\\/#breadcrumb\",\"itemListElement\":[{\"@type\":\"ListItem\",\"position\":1,\"name\":\"Accueil\",\"item\":\"https:\\\/\\\/epesses-calamin.ch\\\/\"},{\"@type\":\"ListItem\",\"position\":2,\"name\":\"Page d&rsquo;accueil\"}]},{\"@type\":\"WebSite\",\"@id\":\"https:\\\/\\\/epesses-calamin.ch\\\/fr\\\/#website\",\"url\":\"https:\\\/\\\/epesses-calamin.ch\\\/fr\\\/\",\"name\":\"Les vignobles Epesses et Calamin \u2013 Lavaux\",\"description\":\"Association des propri\u00e9taires et vignerons des appellations Epesses et Calamin\",\"potentialAction\":[{\"@type\":\"SearchAction\",\"target\":{\"@type\":\"EntryPoint\",\"urlTemplate\":\"https:\\\/\\\/epesses-calamin.ch\\\/fr\\\/?s={search_term_string}\"},\"query-input\":{\"@type\":\"PropertyValueSpecification\",\"valueRequired\":true,\"valueName\":\"search_term_string\"}}],\"inLanguage\":\"en-GB\"}]}<\/script>\n<!-- \/ Yoast SEO plugin. -->","yoast_head_json":{"title":"Page d'accueil - Les vignobles Epesses et Calamin \u2013 Lavaux","description":"Les vignobles Epesses et Calamin \u00e0 Lavaux vous proposent diff\u00e9rents \u00e9v\u00e9nements durant l'ann\u00e9e pour d\u00e9guster les meilleurs Crus de la r\u00e9gion.","robots":{"index":"index","follow":"follow","max-snippet":"max-snippet:-1","max-image-preview":"max-image-preview:large","max-video-preview":"max-video-preview:-1"},"canonical":"https:\/\/epesses-calamin.ch\/en\/","og_locale":"en_GB","og_type":"article","og_title":"Page d'accueil - Les vignobles Epesses et Calamin \u2013 Lavaux","og_description":"Les vignobles Epesses et Calamin \u00e0 Lavaux vous proposent diff\u00e9rents \u00e9v\u00e9nements durant l'ann\u00e9e pour d\u00e9guster les meilleurs Crus de la r\u00e9gion.","og_url":"https:\/\/epesses-calamin.ch\/en\/","og_site_name":"Les vignobles Epesses et Calamin \u2013 Lavaux","article_modified_time":"2026-02-04T10:41:51+00:00","twitter_card":"summary_large_image","schema":{"@context":"https:\/\/schema.org","@graph":[{"@type":"WebPage","@id":"https:\/\/epesses-calamin.ch\/","url":"https:\/\/epesses-calamin.ch\/","name":"Page d'accueil - Les vignobles Epesses et Calamin \u2013 Lavaux","isPartOf":{"@id":"https:\/\/epesses-calamin.ch\/fr\/#website"},"datePublished":"2024-03-20T10:12:05+00:00","dateModified":"2026-02-04T10:41:51+00:00","description":"Les vignobles Epesses et Calamin \u00e0 Lavaux vous proposent diff\u00e9rents \u00e9v\u00e9nements durant l'ann\u00e9e pour d\u00e9guster les meilleurs Crus de la r\u00e9gion.","breadcrumb":{"@id":"https:\/\/epesses-calamin.ch\/#breadcrumb"},"inLanguage":"en-GB","potentialAction":[{"@type":"ReadAction","target":["https:\/\/epesses-calamin.ch\/"]}]},{"@type":"BreadcrumbList","@id":"https:\/\/epesses-calamin.ch\/#breadcrumb","itemListElement":[{"@type":"ListItem","position":1,"name":"Accueil","item":"https:\/\/epesses-calamin.ch\/"},{"@type":"ListItem","position":2,"name":"Page d&rsquo;accueil"}]},{"@type":"WebSite","@id":"https:\/\/epesses-calamin.ch\/fr\/#website","url":"https:\/\/epesses-calamin.ch\/fr\/","name":"Les vignobles Epesses et Calamin \u2013 Lavaux","description":"Association des propri\u00e9taires et vignerons des appellations Epesses et Calamin","potentialAction":[{"@type":"SearchAction","target":{"@type":"EntryPoint","urlTemplate":"https:\/\/epesses-calamin.ch\/fr\/?s={search_term_string}"},"query-input":{"@type":"PropertyValueSpecification","valueRequired":true,"valueName":"search_term_string"}}],"inLanguage":"en-GB"}]}},"_links":{"self":[{"href":"https:\/\/epesses-calamin.ch\/en\/wp-json\/wp\/v2\/pages\/31","targetHints":{"allow":["GET"]}}],"collection":[{"href":"https:\/\/epesses-calamin.ch\/en\/wp-json\/wp\/v2\/pages"}],"about":[{"href":"https:\/\/epesses-calamin.ch\/en\/wp-json\/wp\/v2\/types\/page"}],"author":[{"embeddable":true,"href":"https:\/\/epesses-calamin.ch\/en\/wp-json\/wp\/v2\/users\/1"}],"replies":[{"embeddable":true,"href":"https:\/\/epesses-calamin.ch\/en\/wp-json\/wp\/v2\/comments?post=31"}],"version-history":[{"count":24,"href":"https:\/\/epesses-calamin.ch\/en\/wp-json\/wp\/v2\/pages\/31\/revisions"}],"predecessor-version":[{"id":684,"href":"https:\/\/epesses-calamin.ch\/en\/wp-json\/wp\/v2\/pages\/31\/revisions\/684"}],"wp:attachment":[{"href":"https:\/\/epesses-calamin.ch\/en\/wp-json\/wp\/v2\/media?parent=31"}],"curies":[{"name":"wp","href":"https:\/\/api.w.org\/{rel}","templated":true}]}}