{"id":8,"date":"2024-03-19T13:23:56","date_gmt":"2024-03-19T13:23:56","guid":{"rendered":"http:\/\/epesses-calamin.local\/?page_id=8"},"modified":"2024-04-21T16:17:03","modified_gmt":"2024-04-21T16:17:03","slug":"appellations-terroir","status":"publish","type":"page","link":"http:\/\/epesses-calamin.ch\/en\/appellations-terroir\/","title":{"rendered":"Appellations &amp; terroir"},"content":{"rendered":"<div class=\"wp-block-image\">\n<figure class=\"aligncenter size-large\"><img loading=\"lazy\" decoding=\"async\" width=\"1024\" height=\"723\" src=\"http:\/\/epesses-calamin.ch\/wp-content\/uploads\/2024\/04\/carte-lavaux-Epesses-en-Calamin-1024x723.jpg\" alt=\"Carte Lavaux des appellations Epesses et Calamin Grand Cru\" class=\"wp-image-280\" srcset=\"https:\/\/epesses-calamin.ch\/wp-content\/uploads\/2024\/04\/carte-lavaux-Epesses-en-Calamin-1024x723.jpg 1024w, https:\/\/epesses-calamin.ch\/wp-content\/uploads\/2024\/04\/carte-lavaux-Epesses-en-Calamin-300x212.jpg 300w, https:\/\/epesses-calamin.ch\/wp-content\/uploads\/2024\/04\/carte-lavaux-Epesses-en-Calamin-768x543.jpg 768w, https:\/\/epesses-calamin.ch\/wp-content\/uploads\/2024\/04\/carte-lavaux-Epesses-en-Calamin-1536x1085.jpg 1536w, https:\/\/epesses-calamin.ch\/wp-content\/uploads\/2024\/04\/carte-lavaux-Epesses-en-Calamin-2048x1447.jpg 2048w, https:\/\/epesses-calamin.ch\/wp-content\/uploads\/2024\/04\/carte-lavaux-Epesses-en-Calamin-16x12.jpg 16w\" sizes=\"auto, (max-width: 1024px) 100vw, 1024px\" \/><\/figure>\n<\/div>\n\n\n<h2 class=\"wp-block-heading\">Epesses<\/h2>\n\n\n\n<p>Le lieu de production Epesses, nich\u00e9e au c\u0153ur de l&rsquo;Appellation d&rsquo;Origine Contr\u00f4l\u00e9e Lavaux, incarne l&rsquo;excellence et la tradition dans la production de vins d&rsquo;exception. Il couvre 170 hectares. C\u00e9l\u00e8bre pour ses pentes qui plongent dans les eaux scintillantes du lac L\u00e9man, ce lieu de production b\u00e9n\u00e9ficie d&rsquo;un microclimat unique, id\u00e9al pour la culture de la vigne. Les vignes en terrasses, soigneusement entretenues depuis des si\u00e8cles, offrent un cadre pittoresque o\u00f9 se d\u00e9ploient les c\u00e9pages embl\u00e9matiques tels que le Chasselas ou le Plant Robert. Les vigneronnes et vignerons d&rsquo;Epesses, h\u00e9ritiers d&rsquo;un savoir-faire ancestral, produisent des vins d&rsquo;une qualit\u00e9 remarquable, refl\u00e9tant la richesse du terroir et l&rsquo;engagement envers la pr\u00e9servation des traditions. Chaque verre de vin d&rsquo;Epesses transporte le d\u00e9gustateur dans un voyage sensoriel o\u00f9 s&rsquo;expriment la finesse, l&rsquo;\u00e9l\u00e9gance et le caract\u00e8re distinctif de ce prestigieux lieu de production.<\/p>\n\n\n\n<h2 class=\"wp-block-heading\">Calamin Grand Cru<\/h2>\n\n\n<div class=\"wp-block-image\">\n<figure class=\"aligncenter size-large\"><img loading=\"lazy\" decoding=\"async\" width=\"1024\" height=\"806\" src=\"http:\/\/epesses-calamin.ch\/wp-content\/uploads\/2024\/04\/Terroir-1-1024x806.jpg\" alt=\"Profil des sols des terroirs de Calamin et d'epesses \u00e0 Lavaux\" class=\"wp-image-185\" srcset=\"https:\/\/epesses-calamin.ch\/wp-content\/uploads\/2024\/04\/Terroir-1-1024x806.jpg 1024w, https:\/\/epesses-calamin.ch\/wp-content\/uploads\/2024\/04\/Terroir-1-300x236.jpg 300w, https:\/\/epesses-calamin.ch\/wp-content\/uploads\/2024\/04\/Terroir-1-1536x1209.jpg 1536w, https:\/\/epesses-calamin.ch\/wp-content\/uploads\/2024\/04\/Terroir-1-2048x1612.jpg 2048w, https:\/\/epesses-calamin.ch\/wp-content\/uploads\/2024\/04\/Terroir-1-15x12.jpg 15w, https:\/\/epesses-calamin.ch\/wp-content\/uploads\/2024\/04\/Terroir-1.jpg 512w\" sizes=\"auto, (max-width: 1024px) 100vw, 1024px\" \/><\/figure>\n<\/div>\n\n\n<p>L&rsquo;AOC Calamin Grand Cru, v\u00e9ritable joyau de la r\u00e9gion viticole de Lavaux, tire sa renomm\u00e9e de son terroir d&rsquo;exception.  Form\u00e9 \u00e0 la suite de deux glissements de terrain au VII\u00e8me si\u00e8cle, c&rsquo;est l&rsquo;une des plus petites appellation suisse avec ses 16.5 hectares. Elle est situ\u00e9e entre le village d&rsquo;Epesses et les eaux scintillantes du lac L\u00e9man. Ce vignoble b\u00e9n\u00e9ficie d&rsquo;un microclimat unique et de sols riches en argiles et en min\u00e9raux. Les vignes, expos\u00e9es au soleil g\u00e9n\u00e9reux des rives du lac, s&rsquo;\u00e9panouissent dans un environnement idyllique, capturant toute la richesse du terroir. Le sol est principalement constitu\u00e9 de marnes argilo-calcaires, propices \u00e0 la culture de c\u00e9pages nobles tels que le Chasselas. Cette composition g\u00e9ologique conf\u00e8re aux vins une min\u00e9ralit\u00e9 distinctive, une fra\u00eecheur remarquable et une complexit\u00e9 aromatique subtile. Chaque verre de Calamin Grand Cru r\u00e9v\u00e8le l&rsquo;essence m\u00eame de ce terroir d&rsquo;exception, exprimant avec \u00e9l\u00e9gance et finesse la quintessence des vins de Lavaux. Saviez-vous que certains Calamin Grand Cru peuvent m\u00eame se garder des d\u00e9cennies?<\/p>\n\n\n\n<h2 class=\"wp-block-heading\">Technique de vigne et savoir-faire des vignerons<\/h2>\n\n\n<div class=\"wp-block-image\">\n<figure class=\"aligncenter size-large\"><img loading=\"lazy\" decoding=\"async\" width=\"1024\" height=\"576\" src=\"http:\/\/epesses-calamin.ch\/wp-content\/uploads\/2024\/04\/Histoire_moines-1024x576.jpg\" alt=\"\" class=\"wp-image-277\" srcset=\"https:\/\/epesses-calamin.ch\/wp-content\/uploads\/2024\/04\/Histoire_moines-1024x576.jpg 1024w, https:\/\/epesses-calamin.ch\/wp-content\/uploads\/2024\/04\/Histoire_moines-300x168.jpg 300w, https:\/\/epesses-calamin.ch\/wp-content\/uploads\/2024\/04\/Histoire_moines-768x432.jpg 768w, https:\/\/epesses-calamin.ch\/wp-content\/uploads\/2024\/04\/Histoire_moines-1536x864.jpg 1536w, https:\/\/epesses-calamin.ch\/wp-content\/uploads\/2024\/04\/Histoire_moines-2048x1153.jpg 2048w, https:\/\/epesses-calamin.ch\/wp-content\/uploads\/2024\/04\/Histoire_moines-18x10.jpg 18w, https:\/\/epesses-calamin.ch\/wp-content\/uploads\/2024\/04\/Histoire_moines.jpg 1920w\" sizes=\"auto, (max-width: 1024px) 100vw, 1024px\" \/><\/figure>\n<\/div>\n\n\n<p>Au fil des si\u00e8cles, les vigneronnes et les vignerons d&rsquo;Epesses et de Calamin ont d\u00e9velopp\u00e9 un savoir-faire inestimable, h\u00e9rit\u00e9 de g\u00e9n\u00e9rations en g\u00e9n\u00e9rations. Dans ces terroirs d&rsquo;exception de la r\u00e9gion de Lavaux en Suisse, la culture de la vigne est bien plus qu&rsquo;une simple tradition, c&rsquo;est un art transmis avec passion et d\u00e9vouement. Les techniques ancestrales de taille et d&rsquo;entretien des vignes, adapt\u00e9es au relief escarp\u00e9 et aux sols complexes, ont \u00e9t\u00e9 perfectionn\u00e9es au fil du temps pour tirer le meilleur parti du terroir. La viticulture en terrasses, caract\u00e9ristique de la r\u00e9gion, t\u00e9moigne de l&rsquo;ing\u00e9niosit\u00e9 des vigneronnes et des vignerons qui ont su fa\u00e7onner le paysage pour cr\u00e9er des vignobles d&rsquo;une beaut\u00e9 incomparable. La ma\u00eetrise des c\u00e9pages locaux, tels que le Chasselas, et l&rsquo;art de vinification, alliant tradition et innovation, permettent de produire des vins d&rsquo;une qualit\u00e9 exceptionnelle, refl\u00e9tant la richesse et la diversit\u00e9 des terroirs de Lavaux. Aujourd&rsquo;hui encore, le travail acharn\u00e9 et la passion des vigneronnes et des vignerons perp\u00e9tuent cette tradition s\u00e9culaire, garantissant la p\u00e9rennit\u00e9 de l&rsquo;excellence viticole d&rsquo;Epesses et de Calamin pour les g\u00e9n\u00e9rations futures.<\/p>\n\n\n\n<h2 class=\"wp-block-heading\">Lavaux &#8211; histoire d&rsquo;une r\u00e9gion viticole h\u00e9ro\u00efque<\/h2>\n\n\n\n<p>Tout commen\u00e7a en 1141, quand le Bourguignon Guy de Malagny fit une g\u00e9n\u00e9reuse donation aux moines de Hautcr\u00eat, offrant des terres \u00e0 Marsens, Montherond, Epesses et D\u00e9zaley. Leur mission ? D\u00e9fricher ces terres et y cultiver la vigne. Apr\u00e8s deux d\u00e9cennies d&rsquo;efforts soutenus, la r\u00e9gion se m\u00e9tamorphosa, arborant d\u00e9j\u00e0 le visage familier que nous connaissons aujourd&rsquo;hui.<\/p>","protected":false},"excerpt":{"rendered":"<p>Epesses Le lieu de production Epesses, nich\u00e9e au c\u0153ur de l&rsquo;Appellation d&rsquo;Origine Contr\u00f4l\u00e9e Lavaux, incarne l&rsquo;excellence et la tradition dans la production de vins d&rsquo;exception. Il couvre 170 hectares. C\u00e9l\u00e8bre pour ses pentes qui plongent dans les eaux scintillantes du lac L\u00e9man, ce lieu de production b\u00e9n\u00e9ficie d&rsquo;un microclimat unique, id\u00e9al pour la culture de [&hellip;]<\/p>\n","protected":false},"author":1,"featured_media":115,"parent":0,"menu_order":2,"comment_status":"closed","ping_status":"closed","template":"","meta":{"_acf_changed":false,"footnotes":""},"class_list":["post-8","page","type-page","status-publish","has-post-thumbnail","hentry"],"acf":[],"yoast_head":"<!-- This site is optimized with the Yoast SEO plugin v27.4 - https:\/\/yoast.com\/product\/yoast-seo-wordpress\/ -->\n<title>Appellations &amp; terroir - Les vignobles Epesses et Calamin \u2013 Lavaux<\/title>\n<meta name=\"robots\" content=\"index, follow, max-snippet:-1, max-image-preview:large, max-video-preview:-1\" \/>\n<link rel=\"canonical\" href=\"https:\/\/epesses-calamin.ch\/en\/appellations-terroir\/\" \/>\n<meta property=\"og:locale\" content=\"en_GB\" \/>\n<meta property=\"og:type\" content=\"article\" \/>\n<meta property=\"og:title\" content=\"Appellations &amp; terroir - Les vignobles Epesses et Calamin \u2013 Lavaux\" \/>\n<meta property=\"og:description\" content=\"Epesses Le lieu de production Epesses, nich\u00e9e au c\u0153ur de l&rsquo;Appellation d&rsquo;Origine Contr\u00f4l\u00e9e Lavaux, incarne l&rsquo;excellence et la tradition dans la production de vins d&rsquo;exception. Il couvre 170 hectares. C\u00e9l\u00e8bre pour ses pentes qui plongent dans les eaux scintillantes du lac L\u00e9man, ce lieu de production b\u00e9n\u00e9ficie d&rsquo;un microclimat unique, id\u00e9al pour la culture de [&hellip;]\" \/>\n<meta property=\"og:url\" content=\"https:\/\/epesses-calamin.ch\/en\/appellations-terroir\/\" \/>\n<meta property=\"og:site_name\" content=\"Les vignobles Epesses et Calamin \u2013 Lavaux\" \/>\n<meta property=\"article:modified_time\" content=\"2024-04-21T16:17:03+00:00\" \/>\n<meta property=\"og:image\" content=\"https:\/\/epesses-calamin.ch\/wp-content\/uploads\/2024\/03\/vieille-carte.png\" \/>\n\t<meta property=\"og:image:width\" content=\"846\" \/>\n\t<meta property=\"og:image:height\" content=\"440\" \/>\n\t<meta property=\"og:image:type\" content=\"image\/png\" \/>\n<meta name=\"twitter:card\" content=\"summary_large_image\" \/>\n<meta name=\"twitter:label1\" content=\"Estimated reading time\" \/>\n\t<meta name=\"twitter:data1\" content=\"3 minutes\" \/>\n<script type=\"application\/ld+json\" class=\"yoast-schema-graph\">{\"@context\":\"https:\\\/\\\/schema.org\",\"@graph\":[{\"@type\":\"WebPage\",\"@id\":\"https:\\\/\\\/epesses-calamin.ch\\\/appellations-terroir\\\/\",\"url\":\"https:\\\/\\\/epesses-calamin.ch\\\/appellations-terroir\\\/\",\"name\":\"Appellations & terroir - Les vignobles Epesses et Calamin \u2013 Lavaux\",\"isPartOf\":{\"@id\":\"https:\\\/\\\/epesses-calamin.ch\\\/fr\\\/#website\"},\"primaryImageOfPage\":{\"@id\":\"https:\\\/\\\/epesses-calamin.ch\\\/appellations-terroir\\\/#primaryimage\"},\"image\":{\"@id\":\"https:\\\/\\\/epesses-calamin.ch\\\/appellations-terroir\\\/#primaryimage\"},\"thumbnailUrl\":\"https:\\\/\\\/epesses-calamin.ch\\\/wp-content\\\/uploads\\\/2024\\\/03\\\/vieille-carte.png\",\"datePublished\":\"2024-03-19T13:23:56+00:00\",\"dateModified\":\"2024-04-21T16:17:03+00:00\",\"breadcrumb\":{\"@id\":\"https:\\\/\\\/epesses-calamin.ch\\\/appellations-terroir\\\/#breadcrumb\"},\"inLanguage\":\"en-GB\",\"potentialAction\":[{\"@type\":\"ReadAction\",\"target\":[\"https:\\\/\\\/epesses-calamin.ch\\\/appellations-terroir\\\/\"]}]},{\"@type\":\"ImageObject\",\"inLanguage\":\"en-GB\",\"@id\":\"https:\\\/\\\/epesses-calamin.ch\\\/appellations-terroir\\\/#primaryimage\",\"url\":\"https:\\\/\\\/epesses-calamin.ch\\\/wp-content\\\/uploads\\\/2024\\\/03\\\/vieille-carte.png\",\"contentUrl\":\"https:\\\/\\\/epesses-calamin.ch\\\/wp-content\\\/uploads\\\/2024\\\/03\\\/vieille-carte.png\",\"width\":846,\"height\":440},{\"@type\":\"BreadcrumbList\",\"@id\":\"https:\\\/\\\/epesses-calamin.ch\\\/appellations-terroir\\\/#breadcrumb\",\"itemListElement\":[{\"@type\":\"ListItem\",\"position\":1,\"name\":\"Accueil\",\"item\":\"https:\\\/\\\/epesses-calamin.ch\\\/\"},{\"@type\":\"ListItem\",\"position\":2,\"name\":\"Appellations &#038; terroir\"}]},{\"@type\":\"WebSite\",\"@id\":\"https:\\\/\\\/epesses-calamin.ch\\\/fr\\\/#website\",\"url\":\"https:\\\/\\\/epesses-calamin.ch\\\/fr\\\/\",\"name\":\"Les vignobles Epesses et Calamin \u2013 Lavaux\",\"description\":\"Association des propri\u00e9taires et vignerons des appellations Epesses et Calamin\",\"potentialAction\":[{\"@type\":\"SearchAction\",\"target\":{\"@type\":\"EntryPoint\",\"urlTemplate\":\"https:\\\/\\\/epesses-calamin.ch\\\/fr\\\/?s={search_term_string}\"},\"query-input\":{\"@type\":\"PropertyValueSpecification\",\"valueRequired\":true,\"valueName\":\"search_term_string\"}}],\"inLanguage\":\"en-GB\"}]}<\/script>\n<!-- \/ Yoast SEO plugin. -->","yoast_head_json":{"title":"Appellations & terroir - Les vignobles Epesses et Calamin \u2013 Lavaux","robots":{"index":"index","follow":"follow","max-snippet":"max-snippet:-1","max-image-preview":"max-image-preview:large","max-video-preview":"max-video-preview:-1"},"canonical":"https:\/\/epesses-calamin.ch\/en\/appellations-terroir\/","og_locale":"en_GB","og_type":"article","og_title":"Appellations & terroir - Les vignobles Epesses et Calamin \u2013 Lavaux","og_description":"Epesses Le lieu de production Epesses, nich\u00e9e au c\u0153ur de l&rsquo;Appellation d&rsquo;Origine Contr\u00f4l\u00e9e Lavaux, incarne l&rsquo;excellence et la tradition dans la production de vins d&rsquo;exception. Il couvre 170 hectares. C\u00e9l\u00e8bre pour ses pentes qui plongent dans les eaux scintillantes du lac L\u00e9man, ce lieu de production b\u00e9n\u00e9ficie d&rsquo;un microclimat unique, id\u00e9al pour la culture de [&hellip;]","og_url":"https:\/\/epesses-calamin.ch\/en\/appellations-terroir\/","og_site_name":"Les vignobles Epesses et Calamin \u2013 Lavaux","article_modified_time":"2024-04-21T16:17:03+00:00","og_image":[{"width":846,"height":440,"url":"https:\/\/epesses-calamin.ch\/wp-content\/uploads\/2024\/03\/vieille-carte.png","type":"image\/png"}],"twitter_card":"summary_large_image","twitter_misc":{"Estimated reading time":"3 minutes"},"schema":{"@context":"https:\/\/schema.org","@graph":[{"@type":"WebPage","@id":"https:\/\/epesses-calamin.ch\/appellations-terroir\/","url":"https:\/\/epesses-calamin.ch\/appellations-terroir\/","name":"Appellations & terroir - Les vignobles Epesses et Calamin \u2013 Lavaux","isPartOf":{"@id":"https:\/\/epesses-calamin.ch\/fr\/#website"},"primaryImageOfPage":{"@id":"https:\/\/epesses-calamin.ch\/appellations-terroir\/#primaryimage"},"image":{"@id":"https:\/\/epesses-calamin.ch\/appellations-terroir\/#primaryimage"},"thumbnailUrl":"https:\/\/epesses-calamin.ch\/wp-content\/uploads\/2024\/03\/vieille-carte.png","datePublished":"2024-03-19T13:23:56+00:00","dateModified":"2024-04-21T16:17:03+00:00","breadcrumb":{"@id":"https:\/\/epesses-calamin.ch\/appellations-terroir\/#breadcrumb"},"inLanguage":"en-GB","potentialAction":[{"@type":"ReadAction","target":["https:\/\/epesses-calamin.ch\/appellations-terroir\/"]}]},{"@type":"ImageObject","inLanguage":"en-GB","@id":"https:\/\/epesses-calamin.ch\/appellations-terroir\/#primaryimage","url":"https:\/\/epesses-calamin.ch\/wp-content\/uploads\/2024\/03\/vieille-carte.png","contentUrl":"https:\/\/epesses-calamin.ch\/wp-content\/uploads\/2024\/03\/vieille-carte.png","width":846,"height":440},{"@type":"BreadcrumbList","@id":"https:\/\/epesses-calamin.ch\/appellations-terroir\/#breadcrumb","itemListElement":[{"@type":"ListItem","position":1,"name":"Accueil","item":"https:\/\/epesses-calamin.ch\/"},{"@type":"ListItem","position":2,"name":"Appellations &#038; terroir"}]},{"@type":"WebSite","@id":"https:\/\/epesses-calamin.ch\/fr\/#website","url":"https:\/\/epesses-calamin.ch\/fr\/","name":"Les vignobles Epesses et Calamin \u2013 Lavaux","description":"Association des propri\u00e9taires et vignerons des appellations Epesses et Calamin","potentialAction":[{"@type":"SearchAction","target":{"@type":"EntryPoint","urlTemplate":"https:\/\/epesses-calamin.ch\/fr\/?s={search_term_string}"},"query-input":{"@type":"PropertyValueSpecification","valueRequired":true,"valueName":"search_term_string"}}],"inLanguage":"en-GB"}]}},"_links":{"self":[{"href":"http:\/\/epesses-calamin.ch\/en\/wp-json\/wp\/v2\/pages\/8","targetHints":{"allow":["GET"]}}],"collection":[{"href":"http:\/\/epesses-calamin.ch\/en\/wp-json\/wp\/v2\/pages"}],"about":[{"href":"http:\/\/epesses-calamin.ch\/en\/wp-json\/wp\/v2\/types\/page"}],"author":[{"embeddable":true,"href":"http:\/\/epesses-calamin.ch\/en\/wp-json\/wp\/v2\/users\/1"}],"replies":[{"embeddable":true,"href":"http:\/\/epesses-calamin.ch\/en\/wp-json\/wp\/v2\/comments?post=8"}],"version-history":[{"count":8,"href":"http:\/\/epesses-calamin.ch\/en\/wp-json\/wp\/v2\/pages\/8\/revisions"}],"predecessor-version":[{"id":286,"href":"http:\/\/epesses-calamin.ch\/en\/wp-json\/wp\/v2\/pages\/8\/revisions\/286"}],"wp:featuredmedia":[{"embeddable":true,"href":"http:\/\/epesses-calamin.ch\/en\/wp-json\/wp\/v2\/media\/115"}],"wp:attachment":[{"href":"http:\/\/epesses-calamin.ch\/en\/wp-json\/wp\/v2\/media?parent=8"}],"curies":[{"name":"wp","href":"https:\/\/api.w.org\/{rel}","templated":true}]}}